{"id":2281,"date":"2022-03-21T10:31:55","date_gmt":"2022-03-21T10:31:55","guid":{"rendered":"https:\/\/remoteworkin.eu\/?page_id=2281"},"modified":"2024-02-12T13:33:28","modified_gmt":"2024-02-12T13:33:28","slug":"intellectual-outputs","status":"publish","type":"page","link":"https:\/\/remoteworkin.eu\/es\/intellectual-outputs\/","title":{"rendered":"Intellectual Outputs"},"content":{"rendered":"<div data-elementor-type=\"wp-page\" data-elementor-id=\"2281\" class=\"elementor elementor-2281\">\n\t\t\t\t\t\t\t\t\t<section class=\"elementor-section elementor-top-section elementor-element elementor-element-4e22232 elementor-section-boxed elementor-section-height-default elementor-section-height-default\" data-id=\"4e22232\" data-element_type=\"section\" data-settings=\"{&quot;_ha_eqh_enable&quot;:false}\">\n\t\t\t\t\t\t<div class=\"elementor-container elementor-column-gap-default\">\n\t\t\t\t\t<div class=\"elementor-column elementor-col-33 elementor-top-column elementor-element elementor-element-6543526\" data-id=\"6543526\" data-element_type=\"column\">\n\t\t\t<div class=\"elementor-widget-wrap elementor-element-populated\">\n\t\t\t\t\t\t\t\t<div class=\"elementor-element elementor-element-2c69d71 elementor-position-top elementor-vertical-align-top elementor-widget elementor-widget-image-box\" data-id=\"2c69d71\" data-element_type=\"widget\" data-widget_type=\"image-box.default\">\n\t\t\t\t<div class=\"elementor-widget-container\">\n\t\t\t<style>\/*! elementor - v3.11.5 - 14-03-2023 *\/\n.elementor-widget-image-box .elementor-image-box-content{width:100%}@media (min-width:768px){.elementor-widget-image-box.elementor-position-left .elementor-image-box-wrapper,.elementor-widget-image-box.elementor-position-right .elementor-image-box-wrapper{display:flex}.elementor-widget-image-box.elementor-position-right .elementor-image-box-wrapper{text-align:right;flex-direction:row-reverse}.elementor-widget-image-box.elementor-position-left .elementor-image-box-wrapper{text-align:left;flex-direction:row}.elementor-widget-image-box.elementor-position-top .elementor-image-box-img{margin:auto}.elementor-widget-image-box.elementor-vertical-align-top .elementor-image-box-wrapper{align-items:flex-start}.elementor-widget-image-box.elementor-vertical-align-middle .elementor-image-box-wrapper{align-items:center}.elementor-widget-image-box.elementor-vertical-align-bottom .elementor-image-box-wrapper{align-items:flex-end}}@media (max-width:767px){.elementor-widget-image-box .elementor-image-box-img{margin-left:auto!important;margin-right:auto!important;margin-bottom:15px}}.elementor-widget-image-box .elementor-image-box-img{display:inline-block}.elementor-widget-image-box .elementor-image-box-title a{color:inherit}.elementor-widget-image-box .elementor-image-box-wrapper{text-align:center}.elementor-widget-image-box .elementor-image-box-description{margin:0}<\/style><div class=\"elementor-image-box-wrapper\"><figure class=\"elementor-image-box-img\"><a href=\"https:\/\/remoteworkin.eu\/wp-content\/uploads\/2023\/11\/Remote_Curriculum_final_ENG.pdf\"><img loading=\"lazy\" decoding=\"async\" width=\"470\" height=\"390\" src=\"https:\/\/remoteworkin.eu\/wp-content\/uploads\/2023\/05\/\u0391\u03bd\u03ce\u03bd\u03c5\u03bc\u03bf-\u03c3\u03c7\u03ad\u03b4\u03b9\u03bf8.png\" class=\"attachment-full size-full wp-image-2567\" alt=\"\" srcset=\"https:\/\/remoteworkin.eu\/wp-content\/uploads\/2023\/05\/\u0391\u03bd\u03ce\u03bd\u03c5\u03bc\u03bf-\u03c3\u03c7\u03ad\u03b4\u03b9\u03bf8.png 470w, https:\/\/remoteworkin.eu\/wp-content\/uploads\/2023\/05\/\u0391\u03bd\u03ce\u03bd\u03c5\u03bc\u03bf-\u03c3\u03c7\u03ad\u03b4\u03b9\u03bf8-300x249.png 300w, https:\/\/remoteworkin.eu\/wp-content\/uploads\/2023\/05\/\u0391\u03bd\u03ce\u03bd\u03c5\u03bc\u03bf-\u03c3\u03c7\u03ad\u03b4\u03b9\u03bf8-14x12.png 14w\" sizes=\"auto, (max-width: 470px) 100vw, 470px\" \/><\/a><\/figure><div class=\"elementor-image-box-content\"><h3 class=\"elementor-image-box-title\"><a href=\"https:\/\/remoteworkin.eu\/wp-content\/uploads\/2023\/11\/Remote_Curriculum_final_ENG.pdf\">El contenido formativo para la nueva normalidad<\/a><\/h3><p class=\"elementor-image-box-description\">Un plan de estudios innovador sobre la transformaci\u00f3n digital empresarial para el trabajo a distancia dirigido a un grupo objetivo concreto formado por PYMEs, directivos, empleados, nuevos emprendedores y adultos con poca formaci\u00f3n, etc.<\/p><\/div><\/div>\t\t<\/div>\n\t\t\t\t<\/div>\n\t\t\t\t<div class=\"elementor-element elementor-element-1e84dd4 elementor-widget elementor-widget-spacer\" data-id=\"1e84dd4\" data-element_type=\"widget\" data-widget_type=\"spacer.default\">\n\t\t\t\t<div class=\"elementor-widget-container\">\n\t\t\t<style>\/*! elementor - v3.11.5 - 14-03-2023 *\/\n.elementor-column .elementor-spacer-inner{height:var(--spacer-size)}.e-con{--container-widget-width:100%}.e-con-inner>.elementor-widget-spacer,.e-con>.elementor-widget-spacer{width:var(--container-widget-width,var(--spacer-size));--align-self:var(--container-widget-align-self,initial);--flex-shrink:0}.e-con-inner>.elementor-widget-spacer>.elementor-widget-container,.e-con-inner>.elementor-widget-spacer>.elementor-widget-container>.elementor-spacer,.e-con>.elementor-widget-spacer>.elementor-widget-container,.e-con>.elementor-widget-spacer>.elementor-widget-container>.elementor-spacer{height:100%}.e-con-inner>.elementor-widget-spacer>.elementor-widget-container>.elementor-spacer>.elementor-spacer-inner,.e-con>.elementor-widget-spacer>.elementor-widget-container>.elementor-spacer>.elementor-spacer-inner{height:var(--container-widget-height,var(--spacer-size))}<\/style>\t\t<div class=\"elementor-spacer\">\n\t\t\t<div class=\"elementor-spacer-inner\"><\/div>\n\t\t<\/div>\n\t\t\t\t<\/div>\n\t\t\t\t<\/div>\n\t\t\t\t<div class=\"elementor-element elementor-element-7dd2c03 elementor-widget elementor-widget-heading\" data-id=\"7dd2c03\" data-element_type=\"widget\" data-widget_type=\"heading.default\">\n\t\t\t\t<div class=\"elementor-widget-container\">\n\t\t\t<style>\/*! elementor - v3.11.5 - 14-03-2023 *\/\n.elementor-heading-title{padding:0;margin:0;line-height:1}.elementor-widget-heading .elementor-heading-title[class*=elementor-size-]>a{color:inherit;font-size:inherit;line-height:inherit}.elementor-widget-heading .elementor-heading-title.elementor-size-small{font-size:15px}.elementor-widget-heading .elementor-heading-title.elementor-size-medium{font-size:19px}.elementor-widget-heading .elementor-heading-title.elementor-size-large{font-size:29px}.elementor-widget-heading .elementor-heading-title.elementor-size-xl{font-size:39px}.elementor-widget-heading .elementor-heading-title.elementor-size-xxl{font-size:59px}<\/style><h3 class=\"elementor-heading-title elementor-size-default\"><a href=\"https:\/\/remoteworkin.eu\/wp-content\/uploads\/2023\/11\/Remote_Curriculum_final_ENG.pdf\">English Version<\/a><\/h3>\t\t<\/div>\n\t\t\t\t<\/div>\n\t\t\t\t<div class=\"elementor-element elementor-element-e893ffa elementor-widget elementor-widget-heading\" data-id=\"e893ffa\" data-element_type=\"widget\" data-widget_type=\"heading.default\">\n\t\t\t\t<div class=\"elementor-widget-container\">\n\t\t\t<h3 class=\"elementor-heading-title elementor-size-default\"><a href=\"https:\/\/remoteworkin.eu\/wp-content\/uploads\/2023\/12\/RemoteWork-Currciculum_German_final_11_23.pdf\">German Version<\/a><\/h3>\t\t<\/div>\n\t\t\t\t<\/div>\n\t\t\t\t<div class=\"elementor-element elementor-element-5705c53 elementor-widget elementor-widget-heading\" data-id=\"5705c53\" data-element_type=\"widget\" data-widget_type=\"heading.default\">\n\t\t\t\t<div class=\"elementor-widget-container\">\n\t\t\t<h3 class=\"elementor-heading-title elementor-size-default\"><a href=\"https:\/\/remoteworkin.eu\/wp-content\/uploads\/2024\/02\/Remote_Curriculum_final_11_23-GR.pdf\">Greek Version<\/a><\/h3>\t\t<\/div>\n\t\t\t\t<\/div>\n\t\t\t\t<div class=\"elementor-element elementor-element-3d2192f elementor-widget elementor-widget-heading\" data-id=\"3d2192f\" data-element_type=\"widget\" data-widget_type=\"heading.default\">\n\t\t\t\t<div class=\"elementor-widget-container\">\n\t\t\t<h3 class=\"elementor-heading-title elementor-size-default\"><a href=\"https:\/\/remoteworkin.eu\/wp-content\/uploads\/2023\/12\/Remote_Curriculum_final_03_rev_SPANISH_final_Dec23.pdf\">Spanish Version<\/a><\/h3>\t\t<\/div>\n\t\t\t\t<\/div>\n\t\t\t\t\t<\/div>\n\t\t<\/div>\n\t\t\t\t<div class=\"elementor-column elementor-col-33 elementor-top-column elementor-element elementor-element-0ae518d\" data-id=\"0ae518d\" data-element_type=\"column\">\n\t\t\t<div class=\"elementor-widget-wrap elementor-element-populated\">\n\t\t\t\t\t\t\t\t<div class=\"elementor-element elementor-element-23b898f elementor-position-top elementor-vertical-align-top elementor-widget elementor-widget-image-box\" data-id=\"23b898f\" data-element_type=\"widget\" data-widget_type=\"image-box.default\">\n\t\t\t\t<div class=\"elementor-widget-container\">\n\t\t\t<div class=\"elementor-image-box-wrapper\"><figure class=\"elementor-image-box-img\"><a href=\"https:\/\/remoteworkin.eu\/wp-content\/uploads\/2023\/11\/RemoteWork_Handbook-final_ENG_2023.pdf\"><img loading=\"lazy\" decoding=\"async\" width=\"470\" height=\"390\" src=\"https:\/\/remoteworkin.eu\/wp-content\/uploads\/2023\/05\/\u0391\u03bd\u03ce\u03bd\u03c5\u03bc\u03bf-\u03c3\u03c7\u03ad\u03b4\u03b9\u03bf9.png\" class=\"attachment-full size-full wp-image-2566\" alt=\"\" srcset=\"https:\/\/remoteworkin.eu\/wp-content\/uploads\/2023\/05\/\u0391\u03bd\u03ce\u03bd\u03c5\u03bc\u03bf-\u03c3\u03c7\u03ad\u03b4\u03b9\u03bf9.png 470w, https:\/\/remoteworkin.eu\/wp-content\/uploads\/2023\/05\/\u0391\u03bd\u03ce\u03bd\u03c5\u03bc\u03bf-\u03c3\u03c7\u03ad\u03b4\u03b9\u03bf9-300x249.png 300w, https:\/\/remoteworkin.eu\/wp-content\/uploads\/2023\/05\/\u0391\u03bd\u03ce\u03bd\u03c5\u03bc\u03bf-\u03c3\u03c7\u03ad\u03b4\u03b9\u03bf9-14x12.png 14w\" sizes=\"auto, (max-width: 470px) 100vw, 470px\" \/><\/a><\/figure><div class=\"elementor-image-box-content\"><h3 class=\"elementor-image-box-title\"><a href=\"https:\/\/remoteworkin.eu\/wp-content\/uploads\/2023\/11\/RemoteWork_Handbook-final_ENG_2023.pdf\">Manual del proyecto<\/a><\/h3><p class=\"elementor-image-box-description\">El Manual del proyecto consiste b\u00e1sicamente en el programa de formaci\u00f3n, que har\u00e1 especial hincapi\u00e9 en reforzar la reputaci\u00f3n, la profesionalidad y el prestigio del personal de las PYMEs, especialmente en lo que se refiere al trabajo en entornos interactivos online. <\/p><\/div><\/div>\t\t<\/div>\n\t\t\t\t<\/div>\n\t\t\t\t<div class=\"elementor-element elementor-element-a094f22 elementor-widget elementor-widget-heading\" data-id=\"a094f22\" data-element_type=\"widget\" data-widget_type=\"heading.default\">\n\t\t\t\t<div class=\"elementor-widget-container\">\n\t\t\t<h3 class=\"elementor-heading-title elementor-size-default\"><a href=\"https:\/\/remoteworkin.eu\/wp-content\/uploads\/2023\/11\/RemoteWork_Handbook-final_ENG_2023.pdf\">English Version<\/a><\/h3>\t\t<\/div>\n\t\t\t\t<\/div>\n\t\t\t\t<div class=\"elementor-element elementor-element-f23bd51 elementor-widget elementor-widget-heading\" data-id=\"f23bd51\" data-element_type=\"widget\" data-widget_type=\"heading.default\">\n\t\t\t\t<div class=\"elementor-widget-container\">\n\t\t\t<h3 class=\"elementor-heading-title elementor-size-default\"><a href=\"https:\/\/remoteworkin.eu\/wp-content\/uploads\/2023\/12\/Remote_Handbook_Final_German_11_23.pdf\">German Version<\/a><\/h3>\t\t<\/div>\n\t\t\t\t<\/div>\n\t\t\t\t<div class=\"elementor-element elementor-element-947ccac elementor-widget elementor-widget-heading\" data-id=\"947ccac\" data-element_type=\"widget\" data-widget_type=\"heading.default\">\n\t\t\t\t<div class=\"elementor-widget-container\">\n\t\t\t<h3 class=\"elementor-heading-title elementor-size-default\"><a href=\"https:\/\/remoteworkin.eu\/wp-content\/uploads\/2023\/12\/RemoteWork_Handbook-template_v9-June-20-2023-002_gr.pdf\">Greek Version<\/a><\/h3>\t\t<\/div>\n\t\t\t\t<\/div>\n\t\t\t\t<div class=\"elementor-element elementor-element-b2b341e elementor-widget elementor-widget-heading\" data-id=\"b2b341e\" data-element_type=\"widget\" data-widget_type=\"heading.default\">\n\t\t\t\t<div class=\"elementor-widget-container\">\n\t\t\t<h3 class=\"elementor-heading-title elementor-size-default\"><a href=\"https:\/\/remoteworkin.eu\/wp-content\/uploads\/2024\/02\/RemoteWork_Handbook_final_UFV.pdf\">Spanish Version<\/a><\/h3>\t\t<\/div>\n\t\t\t\t<\/div>\n\t\t\t\t\t<\/div>\n\t\t<\/div>\n\t\t\t\t<div class=\"elementor-column elementor-col-33 elementor-top-column elementor-element elementor-element-b5812aa\" data-id=\"b5812aa\" data-element_type=\"column\">\n\t\t\t<div class=\"elementor-widget-wrap elementor-element-populated\">\n\t\t\t\t\t\t\t\t<div class=\"elementor-element elementor-element-cb87124 elementor-position-top elementor-vertical-align-top elementor-widget elementor-widget-image-box\" data-id=\"cb87124\" data-element_type=\"widget\" data-widget_type=\"image-box.default\">\n\t\t\t\t<div class=\"elementor-widget-container\">\n\t\t\t<div class=\"elementor-image-box-wrapper\"><figure class=\"elementor-image-box-img\"><a href=\"https:\/\/course.remoteworkin.eu\/\"><img loading=\"lazy\" decoding=\"async\" width=\"470\" height=\"390\" src=\"https:\/\/remoteworkin.eu\/wp-content\/uploads\/2023\/05\/\u0391\u03bd\u03ce\u03bd\u03c5\u03bc\u03bf-\u03c3\u03c7\u03ad\u03b4\u03b9\u03bf10.png\" class=\"attachment-full size-full wp-image-2565\" alt=\"\" srcset=\"https:\/\/remoteworkin.eu\/wp-content\/uploads\/2023\/05\/\u0391\u03bd\u03ce\u03bd\u03c5\u03bc\u03bf-\u03c3\u03c7\u03ad\u03b4\u03b9\u03bf10.png 470w, https:\/\/remoteworkin.eu\/wp-content\/uploads\/2023\/05\/\u0391\u03bd\u03ce\u03bd\u03c5\u03bc\u03bf-\u03c3\u03c7\u03ad\u03b4\u03b9\u03bf10-300x249.png 300w, https:\/\/remoteworkin.eu\/wp-content\/uploads\/2023\/05\/\u0391\u03bd\u03ce\u03bd\u03c5\u03bc\u03bf-\u03c3\u03c7\u03ad\u03b4\u03b9\u03bf10-14x12.png 14w\" sizes=\"auto, (max-width: 470px) 100vw, 470px\" \/><\/a><\/figure><div class=\"elementor-image-box-content\"><h3 class=\"elementor-image-box-title\"><a href=\"https:\/\/course.remoteworkin.eu\/\">La Plataforma formativa online para la nueva normalidad<\/a><\/h3><p class=\"elementor-image-box-description\">La plataforma de formaci\u00f3n online para la nueva normalidad garantiza itinerarios de formaci\u00f3n personalizados poniendo a prueba inicialmente los conocimientos y la concienciaci\u00f3n sobre los procesos de digitalizaci\u00f3n en el grupo objetivo de la formaci\u00f3n. La plataforma de formaci\u00f3n online tambi\u00e9n elaborar\u00e1 una estrategia personalizada para que los participantes puedan abordar los puntos d\u00e9biles y potenciar su abordaje de los procesos de digitalizaci\u00f3n.<\/p><\/div><\/div>\t\t<\/div>\n\t\t\t\t<\/div>\n\t\t\t\t<div class=\"elementor-element elementor-element-e6990b7 elementor-widget elementor-widget-heading\" data-id=\"e6990b7\" data-element_type=\"widget\" data-widget_type=\"heading.default\">\n\t\t\t\t<div class=\"elementor-widget-container\">\n\t\t\t<h3 class=\"elementor-heading-title elementor-size-default\"><a href=\"https:\/\/course.remoteworkin.eu\/\">Visit the e-Learning Platform<\/a><\/h3>\t\t<\/div>\n\t\t\t\t<\/div>\n\t\t\t\t\t<\/div>\n\t\t<\/div>\n\t\t\t\t\t\t\t<\/div>\n\t\t<\/section>\n\t\t\t\t<section class=\"elementor-section elementor-top-section elementor-element elementor-element-5e07830 elementor-section-boxed elementor-section-height-default elementor-section-height-default\" data-id=\"5e07830\" data-element_type=\"section\" data-settings=\"{&quot;_ha_eqh_enable&quot;:false}\">\n\t\t\t\t\t\t<div class=\"elementor-container elementor-column-gap-default\">\n\t\t\t\t\t<div class=\"elementor-column elementor-col-100 elementor-top-column elementor-element elementor-element-3971be1\" data-id=\"3971be1\" data-element_type=\"column\">\n\t\t\t<div class=\"elementor-widget-wrap elementor-element-populated\">\n\t\t\t\t\t\t\t\t<div class=\"elementor-element elementor-element-6202d0d elementor-widget elementor-widget-spacer\" data-id=\"6202d0d\" data-element_type=\"widget\" data-widget_type=\"spacer.default\">\n\t\t\t\t<div class=\"elementor-widget-container\">\n\t\t\t\t\t<div class=\"elementor-spacer\">\n\t\t\t<div class=\"elementor-spacer-inner\"><\/div>\n\t\t<\/div>\n\t\t\t\t<\/div>\n\t\t\t\t<\/div>\n\t\t\t\t\t<\/div>\n\t\t<\/div>\n\t\t\t\t\t\t\t<\/div>\n\t\t<\/section>\n\t\t\t\t\t\t\t<\/div>","protected":false},"excerpt":{"rendered":"<p>The New Normal Curriculum An innovative curriculum on the Corporate digital transformation for remote working addressed to a concrete target group of SMEs, managers, employees, new entrepreneurs, and low skilled &hellip;<\/p>\n<p class=\"read-more\"> <a class=\"\" href=\"https:\/\/remoteworkin.eu\/es\/intellectual-outputs\/\"> <span class=\"screen-reader-text\">Intellectual Outputs<\/span> Leer m\u00e1s &raquo;<\/a><\/p>","protected":false},"author":1,"featured_media":0,"parent":0,"menu_order":0,"comment_status":"closed","ping_status":"closed","template":"","meta":{"site-sidebar-layout":"no-sidebar","site-content-layout":"page-builder","ast-global-header-display":"","ast-main-header-display":"","ast-hfb-above-header-display":"","ast-hfb-below-header-display":"","ast-hfb-mobile-header-display":"","site-post-title":"disabled","ast-breadcrumbs-content":"","ast-featured-img":"disabled","footer-sml-layout":"","theme-transparent-header-meta":"","adv-header-id-meta":"","stick-header-meta":"","header-above-stick-meta":"","header-main-stick-meta":"","header-below-stick-meta":"","footnotes":""},"class_list":["post-2281","page","type-page","status-publish","hentry"],"_links":{"self":[{"href":"https:\/\/remoteworkin.eu\/es\/wp-json\/wp\/v2\/pages\/2281","targetHints":{"allow":["GET"]}}],"collection":[{"href":"https:\/\/remoteworkin.eu\/es\/wp-json\/wp\/v2\/pages"}],"about":[{"href":"https:\/\/remoteworkin.eu\/es\/wp-json\/wp\/v2\/types\/page"}],"author":[{"embeddable":true,"href":"https:\/\/remoteworkin.eu\/es\/wp-json\/wp\/v2\/users\/1"}],"replies":[{"embeddable":true,"href":"https:\/\/remoteworkin.eu\/es\/wp-json\/wp\/v2\/comments?post=2281"}],"version-history":[{"count":48,"href":"https:\/\/remoteworkin.eu\/es\/wp-json\/wp\/v2\/pages\/2281\/revisions"}],"predecessor-version":[{"id":2795,"href":"https:\/\/remoteworkin.eu\/es\/wp-json\/wp\/v2\/pages\/2281\/revisions\/2795"}],"wp:attachment":[{"href":"https:\/\/remoteworkin.eu\/es\/wp-json\/wp\/v2\/media?parent=2281"}],"curies":[{"name":"wp","href":"https:\/\/api.w.org\/{rel}","templated":true}]}}